{"id":1520,"date":"2023-05-20T08:40:17","date_gmt":"2023-05-20T07:40:17","guid":{"rendered":"https:\/\/eaa.se\/?page_id=1520"},"modified":"2023-05-27T07:17:21","modified_gmt":"2023-05-27T06:17:21","slug":"eaa-fly-in-2023-i-falkoping","status":"publish","type":"page","link":"https:\/\/eaa.se\/index.php\/eaa-fly-in-2023-i-falkoping\/","title":{"rendered":"EAA Fly-In 2023 i Falk\u00f6ping!"},"content":{"rendered":"<p style=\"text-align: center;\"><a href=\"https:\/\/eaa.se\/wp-content\/uploads\/2023\/05\/eaa_flyin_2023.jpg\"><img loading=\"lazy\" decoding=\"async\" class=\"size-large wp-image-1589 aligncenter\" src=\"https:\/\/eaa.se\/wp-content\/uploads\/2023\/05\/eaa_flyin_2023-1024x521.jpg\" alt=\"\" width=\"843\" height=\"429\" srcset=\"https:\/\/eaa.se\/wp-content\/uploads\/2023\/05\/eaa_flyin_2023-1024x521.jpg 1024w, https:\/\/eaa.se\/wp-content\/uploads\/2023\/05\/eaa_flyin_2023-300x153.jpg 300w, https:\/\/eaa.se\/wp-content\/uploads\/2023\/05\/eaa_flyin_2023-768x391.jpg 768w, https:\/\/eaa.se\/wp-content\/uploads\/2023\/05\/eaa_flyin_2023-1536x782.jpg 1536w, https:\/\/eaa.se\/wp-content\/uploads\/2023\/05\/eaa_flyin_2023.jpg 1913w\" sizes=\"auto, (max-width: 843px) 100vw, 843px\" \/><\/a><\/p>\n<p><span style=\"font-size: 14pt;\"><a href=\"#English\"><span style=\"color: #0000ff;\">[For information in English, click here!]<\/span><\/a><\/span><\/p>\n<p>Varmt v\u00e4lkommen till EAA Sverige Fly-In 2022 i Falk\u00f6ping p\u00e5 Falk\u00f6pings flygplats, ESGK, helgen 2 &#8211; 4 juni med l\u00f6rdagen den 3 juni som huvuddag.<\/p>\n<p>Falbygdens Flygklubb har f\u00e5tt f\u00f6rtroendet att st\u00e5 v\u00e4rd f\u00f6r detta evenemang f\u00f6r EAA Sverige.<\/p>\n<p>Falbygdens Flygklubb ligger p\u00e5 Falk\u00f6pings flygplats och den ligger strax utanf\u00f6r Falk\u00f6pings stad. Falk\u00f6ping ligger mitt i Skaraborg, mellan plat\u00e5fj\u00e4llen \u00c5lleberg och M\u00f6sseberg, en by som andats flygplan i decennier.<\/p>\n<p>Under fredag eftermiddag och kv\u00e4ll kommer det att finnas funktion\u00e4rer p\u00e5 plats f\u00f6r att ta emot l\u00e5ngv\u00e4ga g\u00e4ster som \u00f6nskar \u00f6vernatta till l\u00f6rdag. Klubbhuset kommer att vara \u00f6ppet till 22:00, det finns m\u00f6jlighet att k\u00f6pa flygbr\u00e4nsle och passagerartransport till olika boenden. I klubbhuset kommer frukost att serveras p\u00e5 l\u00f6rdags- och s\u00f6ndagsmorgonen. Anm\u00e4lan om att frukost \u00f6nskas g\u00f6rs i sekretariatet (br\u00e4nsleboden) eller via sms till 0704-446472. Det kommer \u00e4ven finnas funktion\u00e4rer p\u00e5 plats p\u00e5 s\u00f6ndag morgon med samma service som fredag eftermiddag\/kv\u00e4ll.<\/p>\n<p>Alla flygande g\u00e4ster som kommer p\u00e5 fredag och som stannar \u00f6ver till l\u00f6rdag bjuds p\u00e5 kv\u00e4llsmat i klubbstugan, 17:00-19:00!<\/p>\n<p>L\u00f6rdagen den 3 juni \u00e4r huvuddagen f\u00f6r denna EAA-tr\u00e4ff. Vi ser fram emot ett traditionellt EAA Fly-In med m\u00e5nga flygande g\u00e4ster, en utst\u00e4llning av flygplan och utst\u00e4llare som visar deras produkter, seminarier, EAA-information och en hangarfest p\u00e5 kv\u00e4llen. Kaffe och mat kommer att serveras i omr\u00e5det under hela l\u00f6rdagen.<\/p>\n<div dir=\"auto\">I \u00e5r \u00e4r kv\u00e4llens begivenheter tidigarelagda: Hangarfesten och Bigglesbaren \u00f6ppnar 16:30 och middagen serveras klockan 17:00.<\/div>\n<p><strong><span style=\"font-family: arial, helvetica, sans-serif; font-size: 14pt;\">Flygande g\u00e4ster<\/span><\/strong><br \/>\nFalk\u00f6pings flygplats har status som okontrollerad flygplats. N\u00e4r du n\u00e4rmar dig ropar du p\u00e5 v\u00e5r frekvens <strong>123,350 MHz<\/strong>.<br \/>\nNOTAM kommer att skickas in f\u00f6r evenemanget.<br \/>\nSom pilot har du en asfaltbana och en gr\u00e4sbana (\u00f6stra str\u00e5ket) att v\u00e4lja mellan. Riktningen \u00e4r 04\/22. L\u00e4ngden p\u00e5 asfaltsbanan \u00e4r 1300 meter och gr\u00e4sbanan 1000 meter. En fornl\u00e4mning finns i s\u00f6dra \u00e4nden av \u00f6stra str\u00e5ket, denna kommer att markeras. V\u00e4nstersv\u00e4ng till bana 22 och h\u00f6gersv\u00e4ng till 04. Trafikvarvsh\u00f6jd \u00e4r 1500ft MSL.<\/p>\n<p><a href=\"https:\/\/eaa.se\/wp-content\/uploads\/2021\/Fly-in\/EAA_2021_RWY.jpg\"><img loading=\"lazy\" decoding=\"async\" class=\"aligncenter size-full wp-image-1002\" src=\"https:\/\/eaa.se\/wp-content\/uploads\/2021\/Fly-in\/EAA_2021_RWY.jpg\" alt=\"\" width=\"1000\" height=\"314\" srcset=\"https:\/\/eaa.se\/wp-content\/uploads\/2021\/Fly-in\/EAA_2021_RWY.jpg 1000w, https:\/\/eaa.se\/wp-content\/uploads\/2021\/Fly-in\/EAA_2021_RWY-300x94.jpg 300w, https:\/\/eaa.se\/wp-content\/uploads\/2021\/Fly-in\/EAA_2021_RWY-768x241.jpg 768w\" sizes=\"auto, (max-width: 1000px) 100vw, 1000px\" \/><\/a><\/p>\n<p>&#8221;Falk\u00f6pings motorstadion&#8221; kommer att fungera som inpasseringpunkt, koordinater finns p\u00e5 informationskartan. Fr\u00e5n infartspunkten &#8221;Falk\u00f6pings motorstadion&#8221; g\u00e5r du direkt till v\u00e4nster bas och final f\u00f6r landning av asfaltbana\/gr\u00e4sbana 22 eller medvind, h\u00f6ger bas och final f\u00f6r landning av asfaltbana\/gr\u00e4sbana 04. H\u00e5ll ett \u00f6ga \u00f6ppet f\u00f6r segelflyg och sk\u00e4rmflygare runt \u00c5lleberg.<\/p>\n<p><a href=\"https:\/\/eaa.se\/wp-content\/uploads\/2021\/Fly-in\/EAA_2021_entry.jpg\"><img loading=\"lazy\" decoding=\"async\" class=\"aligncenter size-full wp-image-1004\" src=\"https:\/\/eaa.se\/wp-content\/uploads\/2021\/Fly-in\/EAA_2021_entry.jpg\" alt=\"\" width=\"603\" height=\"500\" srcset=\"https:\/\/eaa.se\/wp-content\/uploads\/2021\/Fly-in\/EAA_2021_entry.jpg 603w, https:\/\/eaa.se\/wp-content\/uploads\/2021\/Fly-in\/EAA_2021_entry-300x249.jpg 300w\" sizes=\"auto, (max-width: 603px) 100vw, 603px\" \/><\/a><\/p>\n<p>Undvik \u00f6verflygning \u00f6ver Falk\u00f6pings stad under 1500fot. Efter landning guidar funktion\u00e4rer p\u00e5 fyrhjulingar i gula v\u00e4star, &#8221;F\u00f6lj mig&#8221;, till parkering eller tankning, s\u00e4g g\u00e4rna p\u00e5 radion vad du vill. D\u00e5 vi hoppas p\u00e5 en olycksfri helg \u00e4r v\u00e5r \u00f6nskan att taxeringen sker i l\u00e5g hastighet och med h\u00f6g uppm\u00e4rksamhet. T\u00e4nk ocks\u00e5 p\u00e5 att det kommer att finnas mindre flygkunniga personer p\u00e5 flightline.<br \/>\nFrekvensen f\u00f6r Falk\u00f6pings flygplats \u00e4r <strong>123,350 MHz<\/strong>. T\u00e4nk ocks\u00e5 p\u00e5 att \u00c5lleberg bara ligger 4 kilometer bort p\u00e5 123,40 MHz.<\/p>\n<p><a href=\"https:\/\/eaa.se\/wp-content\/uploads\/2021\/Fly-in\/EAA_2021_hangars.jpg\"><img loading=\"lazy\" decoding=\"async\" class=\"aligncenter size-full wp-image-1003\" src=\"https:\/\/eaa.se\/wp-content\/uploads\/2021\/Fly-in\/EAA_2021_hangars.jpg\" alt=\"\" width=\"896\" height=\"858\" srcset=\"https:\/\/eaa.se\/wp-content\/uploads\/2021\/Fly-in\/EAA_2021_hangars.jpg 896w, https:\/\/eaa.se\/wp-content\/uploads\/2021\/Fly-in\/EAA_2021_hangars-300x287.jpg 300w, https:\/\/eaa.se\/wp-content\/uploads\/2021\/Fly-in\/EAA_2021_hangars-768x735.jpg 768w\" sizes=\"auto, (max-width: 896px) 100vw, 896px\" \/><\/a><\/p>\n<p><span style=\"font-family: arial, helvetica, sans-serif; font-size: 14pt;\"><strong>Bilburna g\u00e4ster<\/strong><\/span><br \/>\nF\u00f6r g\u00e4ster som anl\u00e4nder med bil finns det s\u00e4rskilda parkeringsplatser i anslutning till flygplatsen. F\u00f6lj instruktionerna fr\u00e5n funktion\u00e4rer i gula v\u00e4star.<\/p>\n<p><span style=\"font-size: 14pt;\"><strong><span style=\"font-family: arial, helvetica, sans-serif;\">Br\u00e4nsle<\/span><\/strong><\/span><br \/>\nDet finns m\u00f6jligt att tanka BP Avgas 91UL och 100LL p\u00e5 flygplatsen. Kortbetalning eller Swish s\u00e5 l\u00e5ngt det \u00e4r m\u00f6jligt.<\/p>\n<p><span style=\"font-family: arial, helvetica, sans-serif; font-size: 14pt;\"><strong>Sekretariat<\/strong><\/span><br \/>\nSekretariatet kommer att vara bemannat l\u00f6rdag 09:00 &#8211; 16:00. Sekretariatet kommer att finnas i anslutning till br\u00e4nsleboden. Till sekretariatet kan du f\u00e5 hj\u00e4lp med information om allt m\u00f6jligt, anm\u00e4la att du vill ha frukost, \u00f6vernattningsm\u00f6jligheter, program och tider etc. Wifi finns i omr\u00e5det runt klubbhuset.<\/p>\n<p><span style=\"font-family: arial, helvetica, sans-serif; font-size: 14pt;\"><strong>Seminarier och EAA-information<\/strong><\/span><br \/>\nSeminarier och EAA-information fr\u00e5n EAA-styrelsen kommer att h\u00e5llas p\u00e5 l\u00f6rdag eftermiddag. Seminarierna kommer att h\u00e5llas i hangaren till v\u00e4nster om klubbhuset.<\/p>\n<p><span style=\"font-family: arial, helvetica, sans-serif; font-size: 14pt;\"><strong>Hangarfest<\/strong><\/span><br \/>\nKlockan 16:30 p\u00e5 l\u00f6rdagseftermiddagen sl\u00e5s portarna till hangarfesten upp. N\u00e4rproducerad mat fr\u00e5n <span style=\"color: #0000ff;\"><a style=\"color: #0000ff;\" href=\"https:\/\/wragarden.se\/\" target=\"_blank\" rel=\"noopener\">https:\/\/wragarden.se\/<\/a><\/span> erbjuds. I Bigglesbaren kommer alla sorters drycker att bjudas p\u00e5.<br \/>\nAnm\u00e4lan och k\u00f6p av biljett till hangarfesten senast l\u00f6rdag 13:00 hos Wr\u00e5g\u00e5rden. I matbiljetten som du k\u00f6per hos Wr\u00e5g\u00e5rden ing\u00e5r middag med kaffe och kaka. Middagen b\u00f6rjar kl. 17:00.<\/p>\n<p><span style=\"font-family: arial, helvetica, sans-serif; font-size: 14pt;\"><strong>Transporter<\/strong><\/span><br \/>\nFr\u00e5n fredag eftermiddag till s\u00f6ndag kl 10:00 kan transporter bokas p\u00e5 nummer 0761-269 002, till och fr\u00e5n boende och sev\u00e4rdheter f\u00f6r en mindre peng.<br \/>\nMer information om hur du best\u00e4ller transport kommer att finnas p\u00e5 sekretariatet.<\/p>\n<p>Passar p\u00e5 att i sammanhanget p\u00e5minna om Segelflygmuseet p\u00e5 \u00c5lleberg, 0515-37185. \u00d6ppet dagligen 11-17. V\u00e4l v\u00e4rt ett bes\u00f6k! \u00d6vrig tid efter \u00f6verenskommelse.<\/p>\n<p><span style=\"font-family: arial, helvetica, sans-serif; font-size: 14pt;\"><strong>Boende<\/strong><\/span><br \/>\nOm du inte v\u00e4ljer att sova under flygplansvingen i t\u00e4lt finns det en m\u00e4ngd olika boende alternativ i n\u00e4rheten av flygplatsen:<\/p>\n<ul>\n<li>Hotell Falk\u00f6ping, <span style=\"color: #0000ff;\">www.hotelfalkoping.com<\/span>, 0515-68 61 00<\/li>\n<li>\u00c5lleberg Caf\u00e9 och Restaurang, campingstugor, <span style=\"color: #0000ff;\"><a style=\"color: #0000ff;\" href=\"https:\/\/www.facebook.com\/allebergcaferestaurang\" target=\"_blank\" rel=\"noopener\">https:\/\/www.facebook.com\/allebergcaferestaurang<\/a><\/span>, 0515-37157<\/li>\n<li>M\u00f6ssebergs Camping och Stugby, <span style=\"color: #0000ff;\"><a style=\"color: #0000ff;\" href=\"http:\/\/www.mossebergscamping.se\" target=\"_blank\" rel=\"noopener\">http:\/\/www.mossebergscamping.se<\/a><\/span>, 0515 &#8211; 173 49<\/li>\n<li>Andra tips p\u00e5 boende hittar du p\u00e5 <span style=\"color: #0000ff;\"><a style=\"color: #0000ff;\" href=\"https:\/\/www.vastsverige.com\/falkoping\/boende\" target=\"_blank\" rel=\"noopener\">https:\/\/www.vastsverige.com\/falkoping\/boende<\/a><\/span> eller t ex <span style=\"color: #0000ff;\"><a style=\"color: #0000ff;\" href=\"http:\/\/booking.com\" target=\"_blank\" rel=\"noopener\">booking.com<\/a><\/span>.<\/li>\n<\/ul>\n<p><span style=\"font-family: arial, helvetica, sans-serif; font-size: 14pt;\"><strong>H\u00e5lltider<\/strong><\/span><\/p>\n<p><strong>Fredag 2 juni<\/strong><\/p>\n<table style=\"border-collapse: collapse;\">\n<tbody>\n<tr>\n<td>10:00 &#8211;<\/td>\n<td style=\"width: 69.659%;\">Ankomst under eftermiddagen<\/td>\n<\/tr>\n<tr>\n<td style=\"width: 15.4241%;\">17:00 &#8211; 19:00<\/td>\n<td style=\"width: 69.659%;\">Kv\u00e4llsmat i klubbstugan f\u00f6r \u00f6vernattande bes\u00f6kare<\/td>\n<\/tr>\n<\/tbody>\n<\/table>\n<p><strong>L\u00f6rdag 3 juni<\/strong><\/p>\n<table style=\"border-collapse: collapse;\">\n<tbody>\n<tr>\n<td>07:00 &#8211; 09:00<\/td>\n<td style=\"width: 69.659%;\">Frukost f\u00f6r \u00f6vernattande bes\u00f6kare<\/td>\n<\/tr>\n<tr>\n<td style=\"width: 15.4241%;\">10:00 &#8211; 16:30<\/td>\n<td style=\"width: 69.659%;\">Flygutst\u00e4llning<\/td>\n<\/tr>\n<tr>\n<td style=\"width: 15.4241%;\">12:30 &#8211; 15:30<\/td>\n<td style=\"width: 69.659%;\">EAA seminarier<\/td>\n<\/tr>\n<tr>\n<td style=\"width: 15.4241%;\">16:30<\/td>\n<td style=\"width: 69.659%;\">Baren \u00f6ppnar<\/td>\n<\/tr>\n<tr>\n<td style=\"width: 15.4241%; vertical-align: middle;\">17:00<\/td>\n<td style=\"width: 69.659%; vertical-align: middle;\">Middag<br \/>\n&#8211; Utdelning av EAA diplom<\/td>\n<\/tr>\n<\/tbody>\n<\/table>\n<p><strong>S\u00f6ndag 4 juni<\/strong><\/p>\n<table style=\"border-collapse: collapse;\">\n<tbody>\n<tr>\n<td style=\"width: 15.4241%;\">07:00 &#8211; 09:00<\/td>\n<td style=\"width: 69.659%;\">Frukost f\u00f6r \u00f6vernattande bes\u00f6kare<\/td>\n<\/tr>\n<\/tbody>\n<\/table>\n<p>&nbsp;<\/p>\n<p>V\u00e4lkommen till en klassisk EAA Fly In \u00f6nskar Falbygdens Flygklubb!<\/p>\n<p><em>Information:<\/em><br \/>\n<em>Peter Karlsson, 0704-446472<\/em><br \/>\n<em>Christoffer Bromander, 0735-025379<\/em><br \/>\n<em>Jan Aronsson, 0706-369402<\/em><\/p>\n<p>&nbsp;<\/p>\n<hr \/>\n<p><a name=\"English\"><\/a>[Information in English]<\/p>\n<p><strong><span style=\"font-family: arial, helvetica, sans-serif; font-size: 18pt;\">EAA Sweden Fly-In 2023 in Falk\u00f6ping!<\/span><\/strong><\/p>\n<p>A warm welcome to EAA Sweden Fly-In 2023 at Falk\u00f6ping Airport, ESGK, the weekend of 2nd &#8211; 4th June with Saturday the 3rd of June as the main day.<\/p>\n<p>Falbygden&#8217;s Aviation Club has been entrusted to host this event for EAA Sweden.<\/p>\n<p>Falbygdens Flygklubb is located at Falk\u00f6ping Airport and it is located just outside the city of Falk\u00f6ping. Falk\u00f6ping is located in the middle of Skaraborg, between the plateau mountains \u00c5lleberg and M\u00f6sseberg, a village that has been breathing airplanes for decades.<\/p>\n<p>During Friday afternoon and evening, there will be officials on site to welcome long-distance guests who wish to stay overnight until Saturday. The clubhouse will be open until 22:00, it is possible to buy BP Avgas 91UL and 100LL and passenger transport to various accommodations. In the clubhouse, breakfast will be served on Saturday and Sunday mornings. Notification that breakfast is desired is made in the secretariat or by text message to 0704-446472. There will also be officials on site on Sunday morning with the same service as on Friday afternoon\/evening.<\/p>\n<p>Aviators who arrive on Friday and who stays over until Saturday will be invited to supper in the clubhouse, 17:00-19:00!<\/p>\n<p>Saturday, June 3rd is the main day of this EAA meeting. We look forward to a traditional EAA Fly-In with many flying guests, an exhibition of aircraft and exhibitors showing their products, seminars, EAA information and a hangar party in the early evening. Coffee and food will be served in the area throughout Saturday.<\/p>\n<p><strong><span style=\"font-family: arial, helvetica, sans-serif; font-size: 14pt;\">Flying guests<\/span><\/strong><br \/>\nFalk\u00f6ping Airport, ESGK, is a uncontrolled airport. As you approach, you call on our frequency <strong>123,350 MHz<\/strong>.<br \/>\nNOTAM will be submitted for the event.<br \/>\nAs a pilot, you have an asphalt track and a grass track (eastern lane) to choose from. The runway headings are 04\/22. The length of the asphalt track is 1300 meters and the grass track 1000 meters. An ancient monument is located at the southern end of the eastern grass track, this will be marked. Left turn to 22 and right turn to 04. The traffic pattern altitude is 1500ft MSL.<br \/>\n&#8221;Falk\u00f6ping&#8217;s motorstadion&#8221; will serve as an access point, coordinates are on the information map. From the entry point &#8221;Falk\u00f6pings motorstadion&#8221; you go directly to the left base and final for landing asphalt track \/ grass track 22 or down wind, right base and final for landing asphalt track \/ grass track 04.<br \/>\nKeep an eye open for gliders and paragliders around \u00c5lleberg east of the ESGK.<br \/>\nAvoid overflight over the city of Falk\u00f6ping under 1500 feet. After landing, officials on quad bikes in yellow vests, &#8221;Follow Me&#8221;, will guide you to the parking lot or refueling, feel free to say on the radio what you want. As we hope for an incident-free weekend, our wish is that taxing takes place at low speed and with high attention. Also keep in mind that there will be less flight-skilled people in the staging area.<br \/>\nFrequency for Falk\u00f6ping Airport is 123,350 MHz. Also keep in mind that \u00c5lleberg is only 4 kilometers east at 123,40 MHz.<\/p>\n<p><span style=\"font-family: arial, helvetica, sans-serif; font-size: 14pt;\"><strong>Guests arriving by car<\/strong><\/span><br \/>\nFor guests arriving by car, there are designated parking spaces adjacent to the airport. Follow the instructions of officials in yellow vests.<\/p>\n<p><strong><span style=\"font-size: 14pt; font-family: arial, helvetica, sans-serif;\">Fuel<\/span><\/strong><br \/>\nBP Avgas 91UL and 100LL is available at the airport. Card payment or Swish as far as possible.<\/p>\n<p><span style=\"font-size: 14pt; font-family: arial, helvetica, sans-serif;\"><strong>Secretariat<\/strong><\/span><br \/>\nThe secretariat will be staffed on Saturday 09:00 &#8211; 16:00. The secretariat will be located adjacent to the refueling tank. At the secretariat you can get help with information about everything possible, report that you want breakfast, accommodation opportunities, program and times etc. Wi-Fi is available in the area around the clubhouse.<\/p>\n<p><span style=\"font-family: arial, helvetica, sans-serif; font-size: 14pt;\"><strong>Seminars and EAA information<\/strong><\/span><br \/>\nSeminars and EAA information from the EAA board will be held on Saturday afternoon. The seminars will be held in the hangar to the left of the clubhouse.<\/p>\n<p><span style=\"font-family: arial, helvetica, sans-serif; font-size: 14pt;\"><strong>Hangar party<\/strong><\/span><br \/>\nAt 16:30 on Saturday afternoon, the gates to the hangar party will be opened. Locally produced food from <span style=\"color: #0000ff;\"><a style=\"color: #0000ff;\" href=\"https:\/\/wragarden.se\/\" target=\"_blank\" rel=\"noopener\">Wr\u00e5g\u00e5rden<\/a><\/span> is offered. In the Biggles bar, all kinds of drinks will be offered.<br \/>\nRegistration and purchase of a ticket to the hangar party no later than Saturday 13:00 at <span style=\"color: #0000ff;\"><a style=\"color: #0000ff;\" href=\"https:\/\/wragarden.se\/\" target=\"_blank\" rel=\"noopener\">Wr\u00e5g\u00e5rden<\/a><\/span>. The food ticket that you buy at Wr\u00e5g\u00e5rden includes dinner with coffee and cake.<br \/>\nDinner starts at 17:00.<\/p>\n<p><span style=\"font-family: arial, helvetica, sans-serif; font-size: 14pt;\"><strong>Transports<\/strong><\/span><br \/>\nFrom Friday afternoon to Sunday at 10:00, transports can be booked on 0761-269 002, to and from accommodation and attractions for a small fee. Take the opportunity to visit the Gliding Museum at \u00c5lleberg, 0515-37185. Open daily 11-17. Well worth a visit! Other times by appointment. More information on how to order transport will be available at the secretariat.<\/p>\n<p><span style=\"font-family: arial, helvetica, sans-serif; font-size: 14pt;\"><strong>Accommodation<\/strong><\/span><br \/>\nIf you do not choose to sleep in a tent under the wing of your aircraft, there are a variety of accommodation options near the airport:<\/p>\n<ul>\n<li>Hotell Falk\u00f6ping, <span style=\"color: #0000ff;\">www.hotelfalkoping.com<\/span>, 0515-68 61 00<\/li>\n<li>\u00c5lleberg Caf\u00e9 och Restaurang, cabins, <span style=\"color: #0000ff;\"><a style=\"color: #0000ff;\" href=\"https:\/\/www.facebook.com\/allebergcaferestaurang\" target=\"_blank\" rel=\"noopener\">https:\/\/www.facebook.com\/allebergcaferestaurang<\/a><\/span>, 0515-37157<\/li>\n<li>M\u00f6ssebergs Camping och Stugby, <span style=\"color: #0000ff;\"><a style=\"color: #0000ff;\" href=\"http:\/\/www.mossebergscamping.se\" target=\"_blank\" rel=\"noopener\">http:\/\/www.mossebergscamping.se<\/a><\/span>, 0515 &#8211; 173 49<\/li>\n<li>Other alternatives at <span style=\"color: #0000ff;\"><a style=\"color: #0000ff;\" href=\"https:\/\/www.vastsverige.com\/falkoping\/boende\" target=\"_blank\" rel=\"noopener\">https:\/\/www.vastsverige.com\/falkoping\/boende<\/a><\/span> or e.g. <span style=\"color: #0000ff;\"><a style=\"color: #0000ff;\" href=\"http:\/\/booking.com\" target=\"_blank\" rel=\"noopener\">booking.com<\/a><\/span>.<\/li>\n<\/ul>\n<p><span style=\"font-family: arial, helvetica, sans-serif; font-size: 14pt;\"><strong>Schedule<\/strong><\/span><\/p>\n<p><strong>Friday 2 June<\/strong><\/p>\n<table style=\"border-collapse: collapse;\">\n<tbody>\n<tr>\n<td>10:00 &#8211;<\/td>\n<td style=\"width: 69.659%;\">Arrivals<\/td>\n<\/tr>\n<tr>\n<td style=\"width: 15.4241%;\">17:00 &#8211; 19:00<\/td>\n<td style=\"width: 69.659%;\">Evening meal in the clubhouse for overnight aviators<\/td>\n<\/tr>\n<\/tbody>\n<\/table>\n<p><strong>Saturday 3 June<\/strong><\/p>\n<table style=\"border-collapse: collapse;\">\n<tbody>\n<tr>\n<td>07:00 &#8211; 09:00<\/td>\n<td style=\"width: 69.659%;\">Breakfast for guests<\/td>\n<\/tr>\n<tr>\n<td style=\"width: 15.4241%;\">10:00 &#8211; 16:30<\/td>\n<td style=\"width: 69.659%;\">Flight exhibitions<\/td>\n<\/tr>\n<tr>\n<td style=\"width: 15.4241%;\">12:30 &#8211; 15:30<\/td>\n<td style=\"width: 69.659%;\">EAA seminars\/presentations<\/td>\n<\/tr>\n<tr>\n<td style=\"width: 15.4241%;\">16:30<\/td>\n<td style=\"width: 69.659%;\">Bar opens<\/td>\n<\/tr>\n<tr>\n<td style=\"width: 15.4241%; vertical-align: middle;\">17:00<\/td>\n<td style=\"width: 69.659%; vertical-align: middle;\">Dinner<br \/>\n&#8211; Presentation of EAA diplomas<\/td>\n<\/tr>\n<\/tbody>\n<\/table>\n<p><strong>Sunday 4 June<\/strong><\/p>\n<table style=\"border-collapse: collapse;\">\n<tbody>\n<tr>\n<td style=\"width: 15.4241%;\">07:00 &#8211; 09:00<\/td>\n<td style=\"width: 69.659%;\">Breakfast for guests<\/td>\n<\/tr>\n<\/tbody>\n<\/table>\n<p>&nbsp;<\/p>\n<p>Welcome to a classic EAA Sweden Fly-In wishes Falbygdens Flygklubb!<\/p>\n<p><em>Information and disclosures:<\/em><br \/>\n<em>Peter Karlsson, 0704-446472<\/em><br \/>\n<em>Christoffer Bromander, 0735-025379<\/em><br \/>\n<em>Jan Aronsson, 0706-369402<\/em><\/p>\n","protected":false},"excerpt":{"rendered":"<p>[For information in English, click here!] Varmt v\u00e4lkommen till EAA Sverige Fly-In 2022 i Falk\u00f6ping p\u00e5 Falk\u00f6pings flygplats, ESGK, helgen 2 &#8211; 4 juni med&hellip;<\/p>\n","protected":false},"author":1,"featured_media":0,"parent":0,"menu_order":0,"comment_status":"closed","ping_status":"closed","template":"","meta":{"footnotes":""},"class_list":["post-1520","page","type-page","status-publish","hentry"],"_links":{"self":[{"href":"https:\/\/eaa.se\/index.php\/wp-json\/wp\/v2\/pages\/1520","targetHints":{"allow":["GET"]}}],"collection":[{"href":"https:\/\/eaa.se\/index.php\/wp-json\/wp\/v2\/pages"}],"about":[{"href":"https:\/\/eaa.se\/index.php\/wp-json\/wp\/v2\/types\/page"}],"author":[{"embeddable":true,"href":"https:\/\/eaa.se\/index.php\/wp-json\/wp\/v2\/users\/1"}],"replies":[{"embeddable":true,"href":"https:\/\/eaa.se\/index.php\/wp-json\/wp\/v2\/comments?post=1520"}],"version-history":[{"count":12,"href":"https:\/\/eaa.se\/index.php\/wp-json\/wp\/v2\/pages\/1520\/revisions"}],"predecessor-version":[{"id":1614,"href":"https:\/\/eaa.se\/index.php\/wp-json\/wp\/v2\/pages\/1520\/revisions\/1614"}],"wp:attachment":[{"href":"https:\/\/eaa.se\/index.php\/wp-json\/wp\/v2\/media?parent=1520"}],"curies":[{"name":"wp","href":"https:\/\/api.w.org\/{rel}","templated":true}]}}