{"id":1525,"date":"2023-02-07T09:09:57","date_gmt":"2023-02-07T08:09:57","guid":{"rendered":"https:\/\/eaa.se\/?page_id=1525"},"modified":"2023-03-08T19:25:25","modified_gmt":"2023-03-08T18:25:25","slug":"arsmotet-2023","status":"publish","type":"page","link":"https:\/\/eaa.se\/index.php\/arsmotet-2023\/","title":{"rendered":"\u00c5rsm\u00f6tet 2023"},"content":{"rendered":"<h3><strong>Kallelse till \u00e5rsm\u00f6te 2023 i EAA Sverige<\/strong><\/h3>\n<table style=\"border-collapse: collapse;\">\n<tbody>\n<tr>\n<td><strong>Tid:<\/strong><\/td>\n<td><strong>Onsdag 2023-03-08, kl 19:00<\/strong><\/td>\n<\/tr>\n<tr>\n<td style=\"vertical-align: top; height: 48px;\"><strong>Plats:<\/strong><\/td>\n<td style=\"vertical-align: top; height: 48px;\"><strong>Kansliet EAA Sverige, f d Barkarby flygf\u00e4lt<br \/>\nsamt digitalt m\u00f6te via Microsoft Teams.<br \/>\n<span style=\"color: #0000ff;\"><a style=\"color: #0000ff;\" href=\"https:\/\/teams.live.com\/meet\/9460889722020\" target=\"_blank\" rel=\"noopener\">Klicka h\u00e4r f\u00f6r att ansluta!<\/a><\/span><\/strong><\/td>\n<\/tr>\n<\/tbody>\n<\/table>\n<p><strong>F\u00f6rslag till dagordning:<\/strong><\/p>\n<table style=\"height: 480px; border-collapse: collapse;\">\n<tbody>\n<tr style=\"height: 24px;\">\n<td style=\"height: 24px; width: 22px;\">1.<\/td>\n<td style=\"height: 24px; width: 563px;\">M\u00f6tet \u00f6ppnas<\/td>\n<\/tr>\n<tr style=\"height: 24px;\">\n<td style=\"height: 24px; width: 22px;\">2.<\/td>\n<td style=\"height: 24px; width: 563px;\">Val av ordf\u00f6rande och sekreterare f\u00f6r m\u00f6tet<\/td>\n<\/tr>\n<tr style=\"height: 24px;\">\n<td style=\"height: 24px; width: 22px;\">3.<\/td>\n<td style=\"height: 24px; width: 563px;\">Val av justeringsman som j\u00e4mte m\u00f6tesordf\u00f6randen justerar \u00e5rsm\u00f6tets protokoll<\/td>\n<\/tr>\n<tr style=\"height: 24px;\">\n<td style=\"height: 24px; width: 22px;\">4.<\/td>\n<td style=\"height: 24px; width: 563px;\">Val av r\u00f6str\u00e4knare<\/td>\n<\/tr>\n<tr style=\"height: 24px;\">\n<td style=\"height: 24px; width: 22px;\">5.<\/td>\n<td style=\"height: 24px; width: 563px;\">Godk\u00e4nnande av fullmakter och fastst\u00e4llande av r\u00f6stl\u00e4ngd<\/td>\n<\/tr>\n<tr style=\"height: 24px;\">\n<td style=\"height: 24px; width: 22px;\">6.<\/td>\n<td style=\"height: 24px; width: 563px;\">Fr\u00e5ga om kallelse till \u00e5rsm\u00f6tet skett i beh\u00f6rig tid och ordning<\/td>\n<\/tr>\n<tr style=\"height: 24px;\">\n<td style=\"height: 24px; width: 22px;\">7.<\/td>\n<td style=\"height: 24px; width: 563px;\">Styrelsens verksamhetsber\u00e4ttelse<\/td>\n<\/tr>\n<tr style=\"height: 24px;\">\n<td style=\"height: 24px; width: 22px;\">8.<\/td>\n<td style=\"height: 24px; width: 563px;\">Verksamhetsledarens redog\u00f6relse f\u00f6r den tekniska verksamheten<\/td>\n<\/tr>\n<tr style=\"height: 24px;\">\n<td style=\"height: 24px; width: 22px;\">9.<\/td>\n<td style=\"height: 24px; width: 563px;\">Resultat- och balansr\u00e4kning<\/td>\n<\/tr>\n<tr style=\"height: 24px;\">\n<td style=\"height: 24px; width: 22px;\">10.<\/td>\n<td style=\"height: 24px; width: 563px;\">Revisionsber\u00e4ttelse<\/td>\n<\/tr>\n<tr style=\"height: 24px;\">\n<td style=\"height: 24px; width: 22px;\">11.<\/td>\n<td style=\"height: 24px; width: 563px;\">Fr\u00e5ga om ansvarsfrihet f\u00f6r styrelsen<\/td>\n<\/tr>\n<tr style=\"height: 24px;\">\n<td style=\"height: 24px; width: 22px; vertical-align: top;\">12.<\/td>\n<td style=\"height: 24px; width: 563px;\">Val av styrelseledam\u00f6ter och styrelsesuppleanter<\/td>\n<\/tr>\n<tr style=\"height: 24px;\">\n<td style=\"height: 24px; width: 22px;\"><span style=\"color: #000000;\">13.<\/span><\/td>\n<td style=\"height: 24px; width: 563px;\">Val av revisor och revisorssuppleant<\/td>\n<\/tr>\n<tr style=\"height: 24px;\">\n<td style=\"height: 24px; width: 22px;\">14.<\/td>\n<td style=\"height: 24px; width: 563px;\">Tills\u00e4ttande av valberedning<\/td>\n<\/tr>\n<tr style=\"height: 24px;\">\n<td style=\"height: 24px; width: 22px;\">15.<\/td>\n<td style=\"height: 24px; width: 563px;\">Presentation av budget f\u00f6r 2023 och fastst\u00e4llande av \u00e5rsavgift f\u00f6r 2024<\/td>\n<\/tr>\n<tr style=\"height: 48px;\">\n<td style=\"vertical-align: top; height: 48px; width: 22px;\">16.<\/td>\n<td style=\"vertical-align: top; height: 48px; width: 563px;\">F\u00f6redragning av inkomna motioner och styrelsens propositioner<br \/>\n<a href=\"https:\/\/eaa.se\/wp-content\/uploads\/Dokument\/motioner\/Motioner-EAA-Sverige-arsmote-2023.pdf\" target=\"_blank\" rel=\"noopener\"><span style=\"color: #0000ff;\">Motioner samt styrelsens yttranden<\/span><\/a><\/td>\n<\/tr>\n<tr style=\"height: 24px;\">\n<td style=\"height: 24px; width: 22px;\">17.<\/td>\n<td style=\"height: 24px; width: 563px;\">Eventuella f\u00f6rslag till stadge\u00e4ndringar<\/td>\n<\/tr>\n<tr style=\"height: 24px;\">\n<td style=\"height: 24px; width: 22px;\">18.<\/td>\n<td style=\"height: 24px; width: 563px;\">\u00d6vriga fr\u00e5gor (ej f\u00f6r beslut)<\/td>\n<\/tr>\n<tr style=\"height: 24px;\">\n<td style=\"height: 24px; width: 22px;\">19.<\/td>\n<td style=\"height: 24px; width: 563px;\">M\u00f6tet avslutas<\/td>\n<\/tr>\n<\/tbody>\n<\/table>\n<p>Motioner ska vara inkomna senast 30 dagar f\u00f6re \u00e5rsm\u00f6tet f\u00f6r att tas upp p\u00e5 m\u00f6tet.<\/p>\n<p>P\u00e5 Barkarby bjuder vi p\u00e5 fika och f\u00f6rfriskningar!<\/p>\n<p>V\u00e4lkomna!<\/p>\n","protected":false},"excerpt":{"rendered":"<p>Kallelse till \u00e5rsm\u00f6te 2023 i EAA Sverige Tid: Onsdag 2023-03-08, kl 19:00 Plats: Kansliet EAA Sverige, f d Barkarby flygf\u00e4lt samt digitalt m\u00f6te via Microsoft&hellip;<\/p>\n","protected":false},"author":1,"featured_media":0,"parent":0,"menu_order":0,"comment_status":"closed","ping_status":"closed","template":"","meta":{"footnotes":""},"class_list":["post-1525","page","type-page","status-publish","hentry"],"_links":{"self":[{"href":"https:\/\/eaa.se\/index.php\/wp-json\/wp\/v2\/pages\/1525","targetHints":{"allow":["GET"]}}],"collection":[{"href":"https:\/\/eaa.se\/index.php\/wp-json\/wp\/v2\/pages"}],"about":[{"href":"https:\/\/eaa.se\/index.php\/wp-json\/wp\/v2\/types\/page"}],"author":[{"embeddable":true,"href":"https:\/\/eaa.se\/index.php\/wp-json\/wp\/v2\/users\/1"}],"replies":[{"embeddable":true,"href":"https:\/\/eaa.se\/index.php\/wp-json\/wp\/v2\/comments?post=1525"}],"version-history":[{"count":6,"href":"https:\/\/eaa.se\/index.php\/wp-json\/wp\/v2\/pages\/1525\/revisions"}],"predecessor-version":[{"id":1558,"href":"https:\/\/eaa.se\/index.php\/wp-json\/wp\/v2\/pages\/1525\/revisions\/1558"}],"wp:attachment":[{"href":"https:\/\/eaa.se\/index.php\/wp-json\/wp\/v2\/media?parent=1525"}],"curies":[{"name":"wp","href":"https:\/\/api.w.org\/{rel}","templated":true}]}}