{"id":605,"date":"2021-01-18T20:30:49","date_gmt":"2021-01-18T19:30:49","guid":{"rendered":"https:\/\/eaa.se\/?page_id=605"},"modified":"2022-02-03T12:17:28","modified_gmt":"2022-02-03T11:17:28","slug":"arsmotet-2021","status":"publish","type":"page","link":"https:\/\/eaa.se\/index.php\/foreningen\/arsmotet-2021\/","title":{"rendered":"\u00c5rsm\u00f6tet 2021"},"content":{"rendered":"<h3><strong>Kallelse till \u00e5rsm\u00f6te 2021 i EAA Sverige<\/strong><\/h3>\n<table style=\"border-collapse: collapse;\">\n<tbody>\n<tr>\n<td><strong>Tid:<\/strong><\/td>\n<td><strong>L\u00f6rdag 2021-03-06, kl 13:00<\/strong><\/td>\n<\/tr>\n<tr>\n<td style=\"vertical-align: top; height: 48px;\"><strong>Plats:<\/strong><\/td>\n<td style=\"vertical-align: top; height: 48px;\"><strong>Digitalt m\u00f6te via Microsoft Teams:<\/strong><br \/>\n<a href=\"https:\/\/tinyurl.com\/y4cltm48\" target=\"_blank\" rel=\"noopener\"><span style=\"color: #0000ff;\"><strong>Klicka h\u00e4r f\u00f6r att komma till m\u00f6tet!<\/strong><\/span><\/a><\/td>\n<\/tr>\n<\/tbody>\n<\/table>\n<p><strong>F\u00f6rslag till dagordning:<\/strong><\/p>\n<table style=\"height: 480px; border-collapse: collapse;\">\n<tbody>\n<tr style=\"height: 24px;\">\n<td style=\"height: 24px; width: 22px;\">1.<\/td>\n<td style=\"height: 24px; width: 563px;\">M\u00f6tet \u00f6ppnas<\/td>\n<\/tr>\n<tr style=\"height: 24px;\">\n<td style=\"height: 24px; width: 22px;\">2.<\/td>\n<td style=\"height: 24px; width: 563px;\">Val av ordf\u00f6rande och sekreterare f\u00f6r m\u00f6tet<\/td>\n<\/tr>\n<tr style=\"height: 24px;\">\n<td style=\"height: 24px; width: 22px;\">3.<\/td>\n<td style=\"height: 24px; width: 563px;\">Val av justeringsman som j\u00e4mte m\u00f6tesordf\u00f6randen justerar \u00e5rsm\u00f6tets protokoll<\/td>\n<\/tr>\n<tr style=\"height: 24px;\">\n<td style=\"height: 24px; width: 22px;\">4.<\/td>\n<td style=\"height: 24px; width: 563px;\">Val av r\u00f6str\u00e4knare<\/td>\n<\/tr>\n<tr style=\"height: 24px;\">\n<td style=\"height: 24px; width: 22px;\">5.<\/td>\n<td style=\"height: 24px; width: 563px;\">Godk\u00e4nnande av fullmakter och fastst\u00e4llande av r\u00f6stl\u00e4ngd<\/td>\n<\/tr>\n<tr style=\"height: 24px;\">\n<td style=\"height: 24px; width: 22px;\">6.<\/td>\n<td style=\"height: 24px; width: 563px;\">Fr\u00e5ga om kallelse till \u00e5rsm\u00f6tet skett i beh\u00f6rig tid och ordning<\/td>\n<\/tr>\n<tr style=\"height: 24px;\">\n<td style=\"height: 24px; width: 22px;\">7.<\/td>\n<td style=\"height: 24px; width: 563px;\">Styrelsens verksamhetsber\u00e4ttelse<\/td>\n<\/tr>\n<tr style=\"height: 24px;\">\n<td style=\"height: 24px; width: 22px;\">8.<\/td>\n<td style=\"height: 24px; width: 563px;\">Verksamhetsledarens redog\u00f6relse f\u00f6r den tekniska verksamheten<\/td>\n<\/tr>\n<tr style=\"height: 24px;\">\n<td style=\"height: 24px; width: 22px;\">9.<\/td>\n<td style=\"height: 24px; width: 563px;\">Resultat- och balansr\u00e4kning<\/td>\n<\/tr>\n<tr style=\"height: 24px;\">\n<td style=\"height: 24px; width: 22px;\">10.<\/td>\n<td style=\"height: 24px; width: 563px;\">Revisionsber\u00e4ttelse<\/td>\n<\/tr>\n<tr style=\"height: 24px;\">\n<td style=\"height: 24px; width: 22px;\">11.<\/td>\n<td style=\"height: 24px; width: 563px;\">Fr\u00e5ga om ansvarsfrihet f\u00f6r styrelsen<\/td>\n<\/tr>\n<tr style=\"height: 24px;\">\n<td style=\"height: 24px; width: 22px; vertical-align: top;\">12.<\/td>\n<td style=\"height: 24px; width: 563px;\">Val av styrelseledam\u00f6ter och styrelsesuppleanter<br \/>\n&#8211; <span style=\"color: #0000ff;\"><a style=\"color: #0000ff;\" href=\"https:\/\/eaa.se\/wp-content\/uploads\/Dokument\/motioner\/eaa_arsmote_21_valberedningens_forslag.pdf\" target=\"_blank\" rel=\"noopener\">Valberedningens f\u00f6rslag<\/a><\/span><\/td>\n<\/tr>\n<tr style=\"height: 24px;\">\n<td style=\"height: 24px; width: 22px;\"><span style=\"color: #000000;\">13.<\/span><\/td>\n<td style=\"height: 24px; width: 563px;\">Val av revisor och revisorssuppleant<\/td>\n<\/tr>\n<tr style=\"height: 24px;\">\n<td style=\"height: 24px; width: 22px;\">14.<\/td>\n<td style=\"height: 24px; width: 563px;\">Tills\u00e4ttande av valberedning<\/td>\n<\/tr>\n<tr style=\"height: 24px;\">\n<td style=\"height: 24px; width: 22px;\">15.<\/td>\n<td style=\"height: 24px; width: 563px;\">Presentation av budget f\u00f6r 2021 och fastst\u00e4llande av \u00e5rsavgift f\u00f6r 2022<\/td>\n<\/tr>\n<tr style=\"height: 48px;\">\n<td style=\"vertical-align: top; height: 48px; width: 22px;\">16.<\/td>\n<td style=\"vertical-align: top; height: 48px; width: 563px;\">F\u00f6redragning av inkomna motioner och styrelsens propositioner<br \/>\n&#8211; <span style=\"color: #0000ff;\"><a style=\"color: #0000ff;\" href=\"https:\/\/eaa.se\/wp-content\/uploads\/Dokument\/motioner\/eaa_arsmote_21_motion_1.pdf\" target=\"_blank\" rel=\"noopener\">Motion 1<\/a><span style=\"color: #000000;\">\u00a0 (<\/span><a style=\"color: #0000ff;\" href=\"https:\/\/eaa.se\/wp-content\/uploads\/Dokument\/motioner\/eaa_arsmote_21_stadgar_motion.pdf\" target=\"_blank\" rel=\"noopener\">stadgef\u00f6rslag enligt motion<\/a><span style=\"color: #000000;\">)<br \/>\n&#8211; <span style=\"color: #0000ff;\"><a style=\"color: #0000ff;\" href=\"https:\/\/eaa.se\/wp-content\/uploads\/Dokument\/motioner\/eaa_arsmote_21_yttrande_proposition.pdf\" target=\"_blank\" rel=\"noopener\">Styrelsens yttrande\/proposition<\/a><\/span> (<span style=\"color: #0000ff;\"><a style=\"color: #0000ff;\" href=\"https:\/\/eaa.se\/wp-content\/uploads\/Dokument\/motioner\/eaa_arsmote_21_stadgar_proposition.pdf\" target=\"_blank\" rel=\"noopener\">stadgef\u00f6rslag enligt proposition<\/a><\/span>)<\/span><\/span><\/td>\n<\/tr>\n<tr style=\"height: 24px;\">\n<td style=\"height: 24px; width: 22px;\">17.<\/td>\n<td style=\"height: 24px; width: 563px;\">Eventuella f\u00f6rslag till stadge\u00e4ndringar<\/td>\n<\/tr>\n<tr style=\"height: 24px;\">\n<td style=\"height: 24px; width: 22px;\">18.<\/td>\n<td style=\"height: 24px; width: 563px;\">\u00d6vriga fr\u00e5gor (ej f\u00f6r beslut)<\/td>\n<\/tr>\n<tr style=\"height: 24px;\">\n<td style=\"height: 24px; width: 22px;\">19.<\/td>\n<td style=\"height: 24px; width: 563px;\">M\u00f6tet avslutas<\/td>\n<\/tr>\n<\/tbody>\n<\/table>\n<p>Motioner ska vara inkomna senast 30 dagar f\u00f6re \u00e5rsm\u00f6tet f\u00f6r att tas upp p\u00e5 m\u00f6tet.<\/p>\n<p>V\u00e4lkomna!<\/p>\n<hr \/>\n<p><iframe loading=\"lazy\" src=\"https:\/\/docs.google.com\/forms\/d\/e\/1FAIpQLSfYMOFgTuvYXkkZ9Xsyiia0k-hYI_PFxY_0izdIWZuUhaN7qQ\/viewform?embedded=true\" width=\"800\" height=\"1280\" frameborder=\"0\" marginwidth=\"0\" marginheight=\"0\">L\u00e4ser in\u00a0\u2026<\/iframe><\/p>\n","protected":false},"excerpt":{"rendered":"<p>Kallelse till \u00e5rsm\u00f6te 2021 i EAA Sverige Tid: L\u00f6rdag 2021-03-06, kl 13:00 Plats: Digitalt m\u00f6te via Microsoft Teams: Klicka h\u00e4r f\u00f6r att komma till m\u00f6tet!&hellip;<\/p>\n","protected":false},"author":1,"featured_media":0,"parent":384,"menu_order":0,"comment_status":"closed","ping_status":"closed","template":"","meta":{"footnotes":""},"class_list":["post-605","page","type-page","status-publish","hentry"],"_links":{"self":[{"href":"https:\/\/eaa.se\/index.php\/wp-json\/wp\/v2\/pages\/605","targetHints":{"allow":["GET"]}}],"collection":[{"href":"https:\/\/eaa.se\/index.php\/wp-json\/wp\/v2\/pages"}],"about":[{"href":"https:\/\/eaa.se\/index.php\/wp-json\/wp\/v2\/types\/page"}],"author":[{"embeddable":true,"href":"https:\/\/eaa.se\/index.php\/wp-json\/wp\/v2\/users\/1"}],"replies":[{"embeddable":true,"href":"https:\/\/eaa.se\/index.php\/wp-json\/wp\/v2\/comments?post=605"}],"version-history":[{"count":33,"href":"https:\/\/eaa.se\/index.php\/wp-json\/wp\/v2\/pages\/605\/revisions"}],"predecessor-version":[{"id":781,"href":"https:\/\/eaa.se\/index.php\/wp-json\/wp\/v2\/pages\/605\/revisions\/781"}],"up":[{"embeddable":true,"href":"https:\/\/eaa.se\/index.php\/wp-json\/wp\/v2\/pages\/384"}],"wp:attachment":[{"href":"https:\/\/eaa.se\/index.php\/wp-json\/wp\/v2\/media?parent=605"}],"curies":[{"name":"wp","href":"https:\/\/api.w.org\/{rel}","templated":true}]}}